{"id":32,"date":"2023-11-19T19:47:00","date_gmt":"2023-11-19T18:47:00","guid":{"rendered":"https:\/\/tele-serviceducondroz.be\/?page_id=32"},"modified":"2023-12-18T09:50:08","modified_gmt":"2023-12-18T08:50:08","slug":"le-teleservice","status":"publish","type":"page","link":"https:\/\/tele-serviceducondroz.be\/index.php\/le-teleservice\/","title":{"rendered":"Le T\u00e9l\u00e9-Service"},"content":{"rendered":"<div id=\"pl-gb32-69d035ad75e2e\"  class=\"panel-layout\" ><div id=\"pg-gb32-69d035ad75e2e-0\"  class=\"panel-grid panel-no-style\" ><div id=\"pgc-gb32-69d035ad75e2e-0-0\"  class=\"panel-grid-cell\" ><div id=\"panel-gb32-69d035ad75e2e-0-0-0\" class=\"so-panel widget widget_sow-editor panel-first-child panel-last-child\" data-index=\"0\" ><div\n\t\t\t\n\t\t\tclass=\"so-widget-sow-editor so-widget-sow-editor-base\"\n\t\t\t\n\t\t>\n<div class=\"siteorigin-widget-tinymce textwidget\">\n\t<h2>Actions de base :<\/h2>\n<p><em>\u00a0\u00a0\u00a0\u00a0\u00a0\u00a0\u00a0\u00a0\u00a0\u00a0\u00a0\u00a0 Solidarit\u00e9 de proximit\u00e9\u00a0:<\/em><\/p>\n<p><em>\u00a0\u00a0\u00a0\u00a0\u00a0\u00a0\u00a0\u00a0\u00a0\u00a0\u00a0\u00a0 &#8211; Aide aux d\u00e9placements<\/em><\/p>\n<p><em>\u00a0\u00a0\u00a0\u00a0\u00a0\u00a0\u00a0\u00a0\u00a0\u00a0\u00a0\u00a0 &#8211; Accueil et \u00e9coute<\/em><\/p>\n<p><em>\u00a0\u00a0\u00a0\u00a0\u00a0\u00a0\u00a0\u00a0\u00a0\u00a0\u00a0\u00a0 &#8211; Information et orientation<\/em><\/p>\n<h2>Actions communautaires:<\/h2>\n<p><em>\u00a0\u00a0\u00a0\u00a0\u00a0\u00a0\u00a0\u00a0\u00a0\u00a0\u00a0\u00a0 &#8211; Accueil et \u00e9coute au bureau<\/em><\/p>\n<p><em>\u00a0\u00a0\u00a0\u00a0\u00a0\u00a0\u00a0\u00a0\u00a0\u00a0\u00a0\u00a0 &#8211; Voyage autour d\u2019une fourchette<\/em><\/p>\n<p><em>\u00a0\u00a0\u00a0\u00a0\u00a0\u00a0\u00a0\u00a0\u00a0\u00a0\u00a0\u00a0 &#8211; Apr\u00e8s-midi \u00e0 th\u00e8me<\/em><\/p>\n<p><em>\u00a0\u00a0\u00a0\u00a0\u00a0\u00a0\u00a0\u00a0\u00a0\u00a0\u00a0\u00a0 &#8211; Visite \u00e0 domicile<\/em><\/p>\n<p><em>\u00a0\u00a0\u00a0\u00a0\u00a0\u00a0\u00a0\u00a0\u00a0\u00a0\u00a0\u00a0 &#8211; Voyage excursions<\/em><\/p>\n<p><em>\u00a0\u00a0\u00a0\u00a0\u00a0\u00a0\u00a0\u00a0\u00a0\u00a0\u00a0\u00a0 &#8211; Balade rencontre<\/em><\/p>\n<\/div>\n<\/div><\/div><\/div><div id=\"pgc-gb32-69d035ad75e2e-0-1\"  class=\"panel-grid-cell\" ><div id=\"panel-gb32-69d035ad75e2e-0-1-0\" class=\"so-panel widget widget_sow-image panel-first-child panel-last-child\" data-index=\"1\" ><div\n\t\t\t\n\t\t\tclass=\"so-widget-sow-image so-widget-sow-image-default-8b5b6f678277-32\"\n\t\t\t\n\t\t>\n\n<div class=\"sow-image-container\">\n\t\t<img decoding=\"async\" src=\"https:\/\/tele-serviceducondroz.be\/wp-content\/uploads\/2023\/12\/photo-batiment-TSC.jpg\" width=\"1275\" height=\"957\" srcset=\"https:\/\/tele-serviceducondroz.be\/wp-content\/uploads\/2023\/12\/photo-batiment-TSC.jpg 1275w, https:\/\/tele-serviceducondroz.be\/wp-content\/uploads\/2023\/12\/photo-batiment-TSC-300x225.jpg 300w, https:\/\/tele-serviceducondroz.be\/wp-content\/uploads\/2023\/12\/photo-batiment-TSC-1024x769.jpg 1024w, https:\/\/tele-serviceducondroz.be\/wp-content\/uploads\/2023\/12\/photo-batiment-TSC-768x576.jpg 768w\" sizes=\"auto, (max-width: 1275px) 100vw, 1275px\" title=\"photo batiment TSC\" alt=\"\" loading=\"lazy\" \t\tclass=\"so-widget-image\"\/>\n\t<\/div>\n\n<\/div><\/div><\/div><\/div><div id=\"pg-gb32-69d035ad75e2e-1\"  class=\"panel-grid panel-no-style\" ><div id=\"pgc-gb32-69d035ad75e2e-1-0\"  class=\"panel-grid-cell\" ><div id=\"panel-gb32-69d035ad75e2e-1-0-0\" class=\"so-panel widget widget_sow-editor panel-first-child panel-last-child\" data-index=\"2\" ><div\n\t\t\t\n\t\t\tclass=\"so-widget-sow-editor so-widget-sow-editor-base\"\n\t\t\t\n\t\t>\n<div class=\"siteorigin-widget-tinymce textwidget\">\n\t<h2 style=\"text-align: center;\">Permanence<\/h2>\n<p style=\"text-align: center;\"><strong>Au Bureau (et sur rendez-vous)<\/strong><\/p>\n<p style=\"text-align: center;\">Lundi-Mardi-Mercredi : de 8h30 \u00e0 12h<\/p>\n<p style=\"text-align: center;\"><strong>T\u00e9l\u00e9phonique UNIQUEMENT<\/strong><\/p>\n<p style=\"text-align: center;\">Vendredi : de 8h \u00e0 12h30<\/p>\n<p style=\"text-align: center;\">\u00a0\u00a0\u00a0 <strong>Pas de permanence le jeudi<\/strong><\/p>\n<\/div>\n<\/div><\/div><\/div><\/div><\/div>","protected":false},"excerpt":{"rendered":"<p>Actions de base : \u00a0\u00a0\u00a0\u00a0\u00a0\u00a0\u00a0\u00a0\u00a0\u00a0\u00a0\u00a0 Solidarit\u00e9 de proximit\u00e9\u00a0: \u00a0\u00a0\u00a0\u00a0\u00a0\u00a0\u00a0\u00a0\u00a0\u00a0\u00a0\u00a0 &#8211; Aide aux d\u00e9placements \u00a0\u00a0\u00a0\u00a0\u00a0\u00a0\u00a0\u00a0\u00a0\u00a0\u00a0\u00a0 &#8211; Accueil et \u00e9coute \u00a0\u00a0\u00a0\u00a0\u00a0\u00a0\u00a0\u00a0\u00a0\u00a0\u00a0\u00a0 &#8211; Information et orientation Actions communautaires: \u00a0\u00a0\u00a0\u00a0\u00a0\u00a0\u00a0\u00a0\u00a0\u00a0\u00a0\u00a0 &#8211; Accueil et \u00e9coute au bureau \u00a0\u00a0\u00a0\u00a0\u00a0\u00a0\u00a0\u00a0\u00a0\u00a0\u00a0\u00a0 &#8211; Voyage autour d\u2019une fourchette \u00a0\u00a0\u00a0\u00a0\u00a0\u00a0\u00a0\u00a0\u00a0\u00a0\u00a0\u00a0 &#8211; Apr\u00e8s-midi \u00e0 th\u00e8me \u00a0\u00a0\u00a0\u00a0\u00a0\u00a0\u00a0\u00a0\u00a0\u00a0\u00a0\u00a0 &#8211; Visite \u00e0 domicile \u00a0\u00a0\u00a0\u00a0\u00a0\u00a0\u00a0\u00a0\u00a0\u00a0\u00a0\u00a0 &#8211; [&hellip;]<\/p>\n","protected":false},"author":1,"featured_media":0,"parent":0,"menu_order":0,"comment_status":"closed","ping_status":"closed","template":"","meta":{"footnotes":""},"class_list":["post-32","page","type-page","status-publish","hentry"],"_links":{"self":[{"href":"https:\/\/tele-serviceducondroz.be\/index.php\/wp-json\/wp\/v2\/pages\/32","targetHints":{"allow":["GET"]}}],"collection":[{"href":"https:\/\/tele-serviceducondroz.be\/index.php\/wp-json\/wp\/v2\/pages"}],"about":[{"href":"https:\/\/tele-serviceducondroz.be\/index.php\/wp-json\/wp\/v2\/types\/page"}],"author":[{"embeddable":true,"href":"https:\/\/tele-serviceducondroz.be\/index.php\/wp-json\/wp\/v2\/users\/1"}],"replies":[{"embeddable":true,"href":"https:\/\/tele-serviceducondroz.be\/index.php\/wp-json\/wp\/v2\/comments?post=32"}],"version-history":[{"count":11,"href":"https:\/\/tele-serviceducondroz.be\/index.php\/wp-json\/wp\/v2\/pages\/32\/revisions"}],"predecessor-version":[{"id":124,"href":"https:\/\/tele-serviceducondroz.be\/index.php\/wp-json\/wp\/v2\/pages\/32\/revisions\/124"}],"wp:attachment":[{"href":"https:\/\/tele-serviceducondroz.be\/index.php\/wp-json\/wp\/v2\/media?parent=32"}],"curies":[{"name":"wp","href":"https:\/\/api.w.org\/{rel}","templated":true}]}}